{"id":112646,"date":"2025-02-28T16:36:54","date_gmt":"2025-02-28T15:36:54","guid":{"rendered":"https:\/\/patrycjakubacz.pl\/nowa\/?page_id=112646"},"modified":"2025-03-05T00:13:27","modified_gmt":"2025-03-04T23:13:27","slug":"sklepy-woocommerce","status":"publish","type":"page","link":"https:\/\/patrycjakubacz.pl\/en\/woocommerce-stores\/","title":{"rendered":"WooCommerce Stores"},"content":{"rendered":"<div data-elementor-type=\"wp-page\" data-elementor-id=\"112646\" class=\"elementor elementor-112646\" data-elementor-post-type=\"page\">\n\t\t\t\t<div class=\"wd-negative-gap elementor-element elementor-element-6955b75 wd-section-stretch e-flex e-con-boxed e-con e-parent\" data-id=\"6955b75\" data-element_type=\"container\" data-settings=\"{&quot;background_background&quot;:&quot;classic&quot;}\">\n\t\t\t\t\t<div class=\"e-con-inner\">\n\t\t<div class=\"elementor-element elementor-element-b0278a6 e-con-full color-scheme-light e-flex e-con e-child\" data-id=\"b0278a6\" data-element_type=\"container\">\n\t\t\t\t<div class=\"elementor-element elementor-element-252071f elementor-widget elementor-widget-heading\" data-id=\"252071f\" data-element_type=\"widget\" data-widget_type=\"heading.default\">\n\t\t\t\t<div class=\"elementor-widget-container\">\n\t\t\t\t\t<h1 class=\"elementor-heading-title elementor-size-default\">WooCommerce Store<\/h1>\t\t\t\t<\/div>\n\t\t\t\t<\/div>\n\t\t\t\t<div class=\"elementor-element elementor-element-7719f7c color-scheme-inherit text-left elementor-widget elementor-widget-text-editor\" data-id=\"7719f7c\" data-element_type=\"widget\" data-widget_type=\"text-editor.default\">\n\t\t\t\t<div class=\"elementor-widget-container\">\n\t\t\t\t\t\t\t\t\t<p>A WooCommerce store is more than just a place to sell\u2014it\u2019s a tool that should run smoothly and support the growth of your business. It\u2019s not just about what you sell, but how you sell it. I\u2019ll help you choose a payment provider, integrate couriers, invoicing systems, and inventory management to ensure everything on WooCommerce runs smoothly without unnecessary complications. I don\u2019t just create classic product-based WooCommerce stores; I also develop booking systems and course platforms.<\/p><p>I make sure the user journey is intuitive, fast, and convenient. If needed, I\u2019ll implement post-purchase automations\u2014notifications, email sequences, or other solutions that improve customer service and boost engagement.<\/p>\t\t\t\t\t\t\t\t<\/div>\n\t\t\t\t<\/div>\n\t\t\t\t<\/div>\n\t\t<div class=\"elementor-element elementor-element-477ff82 e-con-full e-flex e-con e-child\" data-id=\"477ff82\" data-element_type=\"container\">\n\t\t\t\t<\/div>\n\t\t\t\t\t<\/div>\n\t\t\t\t<\/div>\n\t\t<div class=\"wd-negative-gap elementor-element elementor-element-c5d8866 e-flex e-con-boxed e-con e-parent\" data-id=\"c5d8866\" data-element_type=\"container\">\n\t\t\t\t\t<div class=\"e-con-inner\">\n\t\t\t\t<div class=\"elementor-element elementor-element-4948558 elementor-widget elementor-widget-heading\" data-id=\"4948558\" data-element_type=\"widget\" data-widget_type=\"heading.default\">\n\t\t\t\t<div class=\"elementor-widget-container\">\n\t\t\t\t\t<h2 class=\"elementor-heading-title elementor-size-default\">WooCommerce stores can take different forms.<\/h2>\t\t\t\t<\/div>\n\t\t\t\t<\/div>\n\t\t\t\t<div class=\"elementor-element elementor-element-6f3519c elementor-widget elementor-widget-heading\" data-id=\"6f3519c\" data-element_type=\"widget\" data-widget_type=\"heading.default\">\n\t\t\t\t<div class=\"elementor-widget-container\">\n\t\t\t\t\t<h2 class=\"elementor-heading-title elementor-size-default\">Let\u2019s explore the possibilities. <\/h2>\t\t\t\t<\/div>\n\t\t\t\t<\/div>\n\t\t\t\t\t<\/div>\n\t\t\t\t<\/div>\n\t\t<div class=\"wd-negative-gap elementor-element elementor-element-e6cffb5 e-flex e-con-boxed e-con e-parent\" data-id=\"e6cffb5\" data-element_type=\"container\">\n\t\t\t\t\t<div class=\"e-con-inner\">\n\t\t<div class=\"elementor-element elementor-element-5bdb633 e-con-full e-flex e-con e-child\" data-id=\"5bdb633\" data-element_type=\"container\">\n\t\t\t\t<div class=\"elementor-element elementor-element-469b29f elementor-widget elementor-widget-heading\" data-id=\"469b29f\" data-element_type=\"widget\" data-widget_type=\"heading.default\">\n\t\t\t\t<div class=\"elementor-widget-container\">\n\t\t\t\t\t<h3 class=\"elementor-heading-title elementor-size-default\"><mark>Product-Based<\/mark>WooCommerce Store\n<\/h3>\t\t\t\t<\/div>\n\t\t\t\t<\/div>\n\t\t\t\t<div class=\"elementor-element elementor-element-36b49a5 color-scheme-inherit text-left elementor-widget elementor-widget-text-editor\" data-id=\"36b49a5\" data-element_type=\"widget\" data-widget_type=\"text-editor.default\">\n\t\t\t\t<div class=\"elementor-widget-container\">\n\t\t\t\t\t\t\t\t\t<p data-start=\"39\" data-end=\"481\">Want to sell products online and provide your customers with a seamless shopping experience? WooCommerce allows you to create a store tailored to your needs\u2014whether it\u2019s a small boutique or a large e-commerce platform. You can sell physical products, digital goods, or downloadable files. With integrations for online payments, couriers, and invoicing systems, the entire sales process can run automatically, saving you time and ensuring smooth service for your customers.<\/p>\t\t\t\t\t\t\t\t<\/div>\n\t\t\t\t<\/div>\n\t\t\t\t<\/div>\n\t\t<div class=\"elementor-element elementor-element-cc38877 e-con-full e-flex e-con e-child\" data-id=\"cc38877\" data-element_type=\"container\">\n\t\t\t\t<div class=\"elementor-element elementor-element-88c1f4e elementor-widget elementor-widget-heading\" data-id=\"88c1f4e\" data-element_type=\"widget\" data-widget_type=\"heading.default\">\n\t\t\t\t<div class=\"elementor-widget-container\">\n\t\t\t\t\t<h3 class=\"elementor-heading-title elementor-size-default\"><mark>B2B<\/mark> Woocommerce\n<\/h3>\t\t\t\t<\/div>\n\t\t\t\t<\/div>\n\t\t\t\t<div class=\"elementor-element elementor-element-907a87a color-scheme-inherit text-left elementor-widget elementor-widget-text-editor\" data-id=\"907a87a\" data-element_type=\"widget\" data-widget_type=\"text-editor.default\">\n\t\t\t\t<div class=\"elementor-widget-container\">\n\t\t\t\t\t\t\t\t\t<p data-start=\"992\" data-end=\"1499\">With WooCommerce, you can create a space for business clients where product prices are only visible after registration and NIP verification. You can also divide the store into two sections\u2014one for individual customers (B2C) and another for businesses (B2B), offering each group different prices, order packages, or payment methods. This way, your offer will be tailored to the needs of different audiences, and the ordering process will be clear and convenient.<\/p>\t\t\t\t\t\t\t\t<\/div>\n\t\t\t\t<\/div>\n\t\t\t\t<\/div>\n\t\t\t\t\t<\/div>\n\t\t\t\t<\/div>\n\t\t<div class=\"wd-negative-gap elementor-element elementor-element-90e2743 e-flex e-con-boxed e-con e-parent\" data-id=\"90e2743\" data-element_type=\"container\">\n\t\t\t\t\t<div class=\"e-con-inner\">\n\t\t<div class=\"elementor-element elementor-element-3ca4a35 e-con-full e-flex e-con e-child\" data-id=\"3ca4a35\" data-element_type=\"container\">\n\t\t\t\t<div class=\"elementor-element elementor-element-96748e7 elementor-widget elementor-widget-heading\" data-id=\"96748e7\" data-element_type=\"widget\" data-widget_type=\"heading.default\">\n\t\t\t\t<div class=\"elementor-widget-container\">\n\t\t\t\t\t<h3 class=\"elementor-heading-title elementor-size-default translation-block\">Woocommerce <mark>Booking Systems<\/mark><\/h3>\t\t\t\t<\/div>\n\t\t\t\t<\/div>\n\t\t\t\t<div class=\"elementor-element elementor-element-a4c9281 color-scheme-inherit text-left elementor-widget elementor-widget-text-editor\" data-id=\"a4c9281\" data-element_type=\"widget\" data-widget_type=\"text-editor.default\">\n\t\t\t\t<div class=\"elementor-widget-container\">\n\t\t\t\t\t\t\t\t\t<p data-start=\"523\" data-end=\"958\">For coaches, trainers, therapists, or service-based businesses, a booking system is a great way to automate appointments and save time. Clients can independently choose available times, book specific services, and even pay for appointments online. You can offer specialist selection, meeting packages, or bookings for weeks in advance, while the system takes care of notifications and availability, eliminating chaos in your calendar.<\/p>\t\t\t\t\t\t\t\t<\/div>\n\t\t\t\t<\/div>\n\t\t\t\t<\/div>\n\t\t<div class=\"elementor-element elementor-element-6d9fc2b e-con-full e-flex e-con e-child\" data-id=\"6d9fc2b\" data-element_type=\"container\">\n\t\t\t\t<div class=\"elementor-element elementor-element-4bba9f0 elementor-widget elementor-widget-heading\" data-id=\"4bba9f0\" data-element_type=\"widget\" data-widget_type=\"heading.default\">\n\t\t\t\t<div class=\"elementor-widget-container\">\n\t\t\t\t\t<h3 class=\"elementor-heading-title elementor-size-default\"><mark>Subscription Store<\/mark> Woocommerce<\/h3>\t\t\t\t<\/div>\n\t\t\t\t<\/div>\n\t\t\t\t<div class=\"elementor-element elementor-element-aa0e9f1 color-scheme-inherit text-left elementor-widget elementor-widget-text-editor\" data-id=\"aa0e9f1\" data-element_type=\"widget\" data-widget_type=\"text-editor.default\">\n\t\t\t\t<div class=\"elementor-widget-container\">\n\t\t\t\t\t\t\t\t\t<p data-start=\"1543\" data-end=\"1920\">If your products or services work on a recurring model, a subscription store is a perfect solution. Customers can purchase access to online courses, subscribe to physical products, or subscribe to services, and the system will automatically handle payments and renewals. This offers convenience for users and stable, predictable income for your business.<\/p>\t\t\t\t\t\t\t\t<\/div>\n\t\t\t\t<\/div>\n\t\t\t\t<\/div>\n\t\t\t\t\t<\/div>\n\t\t\t\t<\/div>\n\t\t<div class=\"wd-negative-gap elementor-element elementor-element-039d8d2 color-scheme-light e-flex e-con-boxed e-con e-parent\" data-id=\"039d8d2\" data-element_type=\"container\" data-settings=\"{&quot;background_background&quot;:&quot;classic&quot;}\">\n\t\t\t\t\t<div class=\"e-con-inner\">\n\t\t\t\t<div class=\"elementor-element elementor-element-7859d7e text-center color-scheme-inherit elementor-widget elementor-widget-text-editor\" data-id=\"7859d7e\" data-element_type=\"widget\" data-widget_type=\"text-editor.default\">\n\t\t\t\t<div class=\"elementor-widget-container\">\n\t\t\t\t\t\t\t\t\t<div class=\"flex max-w-full flex-col flex-grow\"><div class=\"min-h-8 text-message relative flex w-full flex-col items-end gap-2 whitespace-normal break-words text-start [.text-message+&amp;]:mt-5\" dir=\"auto\" data-message-author-role=\"assistant\" data-message-id=\"fca59c5d-794c-4828-96d0-5cf04ce3e286\" data-message-model-slug=\"gpt-4o-mini\"><div class=\"flex w-full flex-col gap-1 empty:hidden first:pt-[3px]\"><div class=\"markdown prose w-full break-words dark:prose-invert dark\"><div class=\"flex max-w-full flex-col flex-grow\"><div class=\"min-h-8 text-message relative flex w-full flex-col items-end gap-2 whitespace-normal break-words text-start [.text-message+&amp;]:mt-5\" dir=\"auto\" data-message-author-role=\"assistant\" data-message-id=\"60978708-4e7e-4ce2-844b-8dee10d1812b\" data-message-model-slug=\"gpt-4o\"><div class=\"flex w-full flex-col gap-1 empty:hidden first:pt-[3px]\"><div class=\"markdown prose w-full break-words dark:prose-invert dark\"><p data-start=\"0\" data-end=\"284\" data-is-last-node=\"\" data-is-only-node=\"\">I\u2019ll choose the right solutions to make shopping with you fast, intuitive, and hassle-free\u2014for you and your customers. Fill out the brief or go to the contact tab, and together we\u2019ll create a store that really works.<\/p><\/div><\/div><\/div><\/div><\/div><\/div><\/div><\/div>\t\t\t\t\t\t\t\t<\/div>\n\t\t\t\t<\/div>\n\t\t\t\t<div class=\"elementor-element elementor-element-3be2908 elementor-widget elementor-widget-wd_button\" data-id=\"3be2908\" data-element_type=\"widget\" id=\"btn-anim\" data-widget_type=\"wd_button.default\">\n\t\t\t\t<div class=\"elementor-widget-container\">\n\t\t\t\t\t\t\t<div class=\"wd-button-wrapper text-center\" >\n\t\t\t<a class=\"btn btn-style-default btn-shape-rectangle btn-size-large btn-color-primary btn-icon-pos-right\"  href=\"https:\/\/patrycjakubacz.pl\/en\/brief\/\">\n\t\t\t\t<span class=\"wd-btn-text\" data-elementor-setting-key=\"text\">\n\t\t\t\t\tGET STARTED\t\t\t\t<\/span>\n\n\t\t\t\t\t\t\t<\/a>\n\t\t<\/div>\n\t\t\t\t\t\t<\/div>\n\t\t\t\t<\/div>\n\t\t\t\t\t<\/div>\n\t\t\t\t<\/div>\n\t\t\t\t<\/div>","protected":false},"excerpt":{"rendered":"<p>Sklep woocommerce Sklep WooCommerce to co\u015b wi\u0119cej ni\u017c miejsce sprzeda\u017cy \u2013 to narz\u0119dzie, kt\u00f3re powinno dzia\u0142a\u0107 p\u0142ynnie i wspiera\u0107 rozw\u00f3j<\/p>","protected":false},"author":3,"featured_media":113483,"parent":0,"menu_order":0,"comment_status":"closed","ping_status":"closed","template":"","meta":{"footnotes":""},"class_list":["post-112646","page","type-page","status-publish","has-post-thumbnail","hentry"],"yoast_head":"<!-- This site is optimized with the Yoast SEO plugin v26.7 - https:\/\/yoast.com\/wordpress\/plugins\/seo\/ -->\n<title>Sklepy woocommerce - strony wordpress woocommerce<\/title>\n<meta name=\"description\" content=\"Sklep WooCommerce to co\u015b wi\u0119cej ni\u017c miejsce sprzeda\u017cy \u2013 to narz\u0119dzie, kt\u00f3re powinno dzia\u0142a\u0107 p\u0142ynnie i wspiera\u0107 rozw\u00f3j Twojego biznesu.\" \/>\n<meta name=\"robots\" content=\"index, follow, max-snippet:-1, max-image-preview:large, max-video-preview:-1\" \/>\n<link rel=\"canonical\" href=\"https:\/\/patrycjakubacz.pl\/en\/sklepy-woocommerce\/\" \/>\n<meta property=\"og:locale\" content=\"en_US\" \/>\n<meta property=\"og:type\" content=\"article\" \/>\n<meta property=\"og:title\" content=\"Sklepy woocommerce - strony wordpress woocommerce\" \/>\n<meta property=\"og:description\" content=\"Sklep WooCommerce to co\u015b wi\u0119cej ni\u017c miejsce sprzeda\u017cy \u2013 to narz\u0119dzie, kt\u00f3re powinno dzia\u0142a\u0107 p\u0142ynnie i wspiera\u0107 rozw\u00f3j Twojego biznesu.\" \/>\n<meta property=\"og:url\" content=\"https:\/\/patrycjakubacz.pl\/en\/sklepy-woocommerce\/\" \/>\n<meta property=\"og:site_name\" content=\"strony wordpress woocommerce\" \/>\n<meta property=\"article:modified_time\" content=\"2025-03-04T23:13:27+00:00\" \/>\n<meta property=\"og:image\" content=\"https:\/\/patrycjakubacz.pl\/wp-content\/uploads\/2025\/03\/Profesjonalna-strona-na-WordPress.jpg\" \/>\n\t<meta property=\"og:image:width\" content=\"1200\" \/>\n\t<meta property=\"og:image:height\" content=\"628\" \/>\n\t<meta property=\"og:image:type\" content=\"image\/jpeg\" \/>\n<meta name=\"twitter:card\" content=\"summary_large_image\" \/>\n<meta name=\"twitter:label1\" content=\"Est. reading time\" \/>\n\t<meta name=\"twitter:data1\" content=\"3 minutes\" \/>\n<script type=\"application\/ld+json\" class=\"yoast-schema-graph\">{\"@context\":\"https:\/\/schema.org\",\"@graph\":[{\"@type\":\"WebPage\",\"@id\":\"https:\/\/patrycjakubacz.pl\/sklepy-woocommerce\/\",\"url\":\"https:\/\/patrycjakubacz.pl\/sklepy-woocommerce\/\",\"name\":\"Sklepy woocommerce - strony wordpress woocommerce\",\"isPartOf\":{\"@id\":\"https:\/\/patrycjakubacz.pl\/#website\"},\"primaryImageOfPage\":{\"@id\":\"https:\/\/patrycjakubacz.pl\/sklepy-woocommerce\/#primaryimage\"},\"image\":{\"@id\":\"https:\/\/patrycjakubacz.pl\/sklepy-woocommerce\/#primaryimage\"},\"thumbnailUrl\":\"https:\/\/patrycjakubacz.pl\/wp-content\/uploads\/2025\/03\/Profesjonalna-strona-na-WordPress.jpg\",\"datePublished\":\"2025-02-28T15:36:54+00:00\",\"dateModified\":\"2025-03-04T23:13:27+00:00\",\"description\":\"Sklep WooCommerce to co\u015b wi\u0119cej ni\u017c miejsce sprzeda\u017cy \u2013 to narz\u0119dzie, kt\u00f3re powinno dzia\u0142a\u0107 p\u0142ynnie i wspiera\u0107 rozw\u00f3j Twojego biznesu.\",\"breadcrumb\":{\"@id\":\"https:\/\/patrycjakubacz.pl\/sklepy-woocommerce\/#breadcrumb\"},\"inLanguage\":\"en-US\",\"potentialAction\":[{\"@type\":\"ReadAction\",\"target\":[\"https:\/\/patrycjakubacz.pl\/sklepy-woocommerce\/\"]}]},{\"@type\":\"ImageObject\",\"inLanguage\":\"en-US\",\"@id\":\"https:\/\/patrycjakubacz.pl\/sklepy-woocommerce\/#primaryimage\",\"url\":\"https:\/\/patrycjakubacz.pl\/wp-content\/uploads\/2025\/03\/Profesjonalna-strona-na-WordPress.jpg\",\"contentUrl\":\"https:\/\/patrycjakubacz.pl\/wp-content\/uploads\/2025\/03\/Profesjonalna-strona-na-WordPress.jpg\",\"width\":1200,\"height\":628},{\"@type\":\"BreadcrumbList\",\"@id\":\"https:\/\/patrycjakubacz.pl\/sklepy-woocommerce\/#breadcrumb\",\"itemListElement\":[{\"@type\":\"ListItem\",\"position\":1,\"name\":\"Strona g\u0142\u00f3wna\",\"item\":\"https:\/\/patrycjakubacz.pl\/\"},{\"@type\":\"ListItem\",\"position\":2,\"name\":\"Sklepy woocommerce\"}]},{\"@type\":\"WebSite\",\"@id\":\"https:\/\/patrycjakubacz.pl\/#website\",\"url\":\"https:\/\/patrycjakubacz.pl\/\",\"name\":\"strony wordpress woocommerce\",\"description\":\"one page, strony firmowe, landing pages\",\"alternateName\":\"strony wordpress woocommerce\",\"potentialAction\":[{\"@type\":\"SearchAction\",\"target\":{\"@type\":\"EntryPoint\",\"urlTemplate\":\"https:\/\/patrycjakubacz.pl\/?s={search_term_string}\"},\"query-input\":{\"@type\":\"PropertyValueSpecification\",\"valueRequired\":true,\"valueName\":\"search_term_string\"}}],\"inLanguage\":\"en-US\"}]}<\/script>\n<!-- \/ Yoast SEO plugin. -->","yoast_head_json":{"title":"Sklepy woocommerce - strony wordpress woocommerce","description":"Sklep WooCommerce to co\u015b wi\u0119cej ni\u017c miejsce sprzeda\u017cy \u2013 to narz\u0119dzie, kt\u00f3re powinno dzia\u0142a\u0107 p\u0142ynnie i wspiera\u0107 rozw\u00f3j Twojego biznesu.","robots":{"index":"index","follow":"follow","max-snippet":"max-snippet:-1","max-image-preview":"max-image-preview:large","max-video-preview":"max-video-preview:-1"},"canonical":"https:\/\/patrycjakubacz.pl\/en\/sklepy-woocommerce\/","og_locale":"en_US","og_type":"article","og_title":"Sklepy woocommerce - strony wordpress woocommerce","og_description":"Sklep WooCommerce to co\u015b wi\u0119cej ni\u017c miejsce sprzeda\u017cy \u2013 to narz\u0119dzie, kt\u00f3re powinno dzia\u0142a\u0107 p\u0142ynnie i wspiera\u0107 rozw\u00f3j Twojego biznesu.","og_url":"https:\/\/patrycjakubacz.pl\/en\/sklepy-woocommerce\/","og_site_name":"strony wordpress woocommerce","article_modified_time":"2025-03-04T23:13:27+00:00","og_image":[{"width":1200,"height":628,"url":"https:\/\/patrycjakubacz.pl\/wp-content\/uploads\/2025\/03\/Profesjonalna-strona-na-WordPress.jpg","type":"image\/jpeg"}],"twitter_card":"summary_large_image","twitter_misc":{"Est. reading time":"3 minutes"},"schema":{"@context":"https:\/\/schema.org","@graph":[{"@type":"WebPage","@id":"https:\/\/patrycjakubacz.pl\/sklepy-woocommerce\/","url":"https:\/\/patrycjakubacz.pl\/sklepy-woocommerce\/","name":"Sklepy woocommerce - strony wordpress woocommerce","isPartOf":{"@id":"https:\/\/patrycjakubacz.pl\/#website"},"primaryImageOfPage":{"@id":"https:\/\/patrycjakubacz.pl\/sklepy-woocommerce\/#primaryimage"},"image":{"@id":"https:\/\/patrycjakubacz.pl\/sklepy-woocommerce\/#primaryimage"},"thumbnailUrl":"https:\/\/patrycjakubacz.pl\/wp-content\/uploads\/2025\/03\/Profesjonalna-strona-na-WordPress.jpg","datePublished":"2025-02-28T15:36:54+00:00","dateModified":"2025-03-04T23:13:27+00:00","description":"Sklep WooCommerce to co\u015b wi\u0119cej ni\u017c miejsce sprzeda\u017cy \u2013 to narz\u0119dzie, kt\u00f3re powinno dzia\u0142a\u0107 p\u0142ynnie i wspiera\u0107 rozw\u00f3j Twojego biznesu.","breadcrumb":{"@id":"https:\/\/patrycjakubacz.pl\/sklepy-woocommerce\/#breadcrumb"},"inLanguage":"en-US","potentialAction":[{"@type":"ReadAction","target":["https:\/\/patrycjakubacz.pl\/sklepy-woocommerce\/"]}]},{"@type":"ImageObject","inLanguage":"en-US","@id":"https:\/\/patrycjakubacz.pl\/sklepy-woocommerce\/#primaryimage","url":"https:\/\/patrycjakubacz.pl\/wp-content\/uploads\/2025\/03\/Profesjonalna-strona-na-WordPress.jpg","contentUrl":"https:\/\/patrycjakubacz.pl\/wp-content\/uploads\/2025\/03\/Profesjonalna-strona-na-WordPress.jpg","width":1200,"height":628},{"@type":"BreadcrumbList","@id":"https:\/\/patrycjakubacz.pl\/sklepy-woocommerce\/#breadcrumb","itemListElement":[{"@type":"ListItem","position":1,"name":"Strona g\u0142\u00f3wna","item":"https:\/\/patrycjakubacz.pl\/"},{"@type":"ListItem","position":2,"name":"Sklepy woocommerce"}]},{"@type":"WebSite","@id":"https:\/\/patrycjakubacz.pl\/#website","url":"https:\/\/patrycjakubacz.pl\/","name":"strony wordpress woocommerce","description":"one page, strony firmowe, landing pages","alternateName":"strony wordpress woocommerce","potentialAction":[{"@type":"SearchAction","target":{"@type":"EntryPoint","urlTemplate":"https:\/\/patrycjakubacz.pl\/?s={search_term_string}"},"query-input":{"@type":"PropertyValueSpecification","valueRequired":true,"valueName":"search_term_string"}}],"inLanguage":"en-US"}]}},"_links":{"self":[{"href":"https:\/\/patrycjakubacz.pl\/en\/wp-json\/wp\/v2\/pages\/112646","targetHints":{"allow":["GET"]}}],"collection":[{"href":"https:\/\/patrycjakubacz.pl\/en\/wp-json\/wp\/v2\/pages"}],"about":[{"href":"https:\/\/patrycjakubacz.pl\/en\/wp-json\/wp\/v2\/types\/page"}],"author":[{"embeddable":true,"href":"https:\/\/patrycjakubacz.pl\/en\/wp-json\/wp\/v2\/users\/3"}],"replies":[{"embeddable":true,"href":"https:\/\/patrycjakubacz.pl\/en\/wp-json\/wp\/v2\/comments?post=112646"}],"version-history":[{"count":61,"href":"https:\/\/patrycjakubacz.pl\/en\/wp-json\/wp\/v2\/pages\/112646\/revisions"}],"predecessor-version":[{"id":113547,"href":"https:\/\/patrycjakubacz.pl\/en\/wp-json\/wp\/v2\/pages\/112646\/revisions\/113547"}],"wp:featuredmedia":[{"embeddable":true,"href":"https:\/\/patrycjakubacz.pl\/en\/wp-json\/wp\/v2\/media\/113483"}],"wp:attachment":[{"href":"https:\/\/patrycjakubacz.pl\/en\/wp-json\/wp\/v2\/media?parent=112646"}],"curies":[{"name":"wp","href":"https:\/\/api.w.org\/{rel}","templated":true}]}}