{"id":112672,"date":"2025-02-28T17:45:10","date_gmt":"2025-02-28T16:45:10","guid":{"rendered":"https:\/\/patrycjakubacz.pl\/nowa\/?page_id=112672"},"modified":"2025-03-05T00:13:16","modified_gmt":"2025-03-04T23:13:16","slug":"sklad-ksiazek-i-e-bookow","status":"publish","type":"page","link":"https:\/\/patrycjakubacz.pl\/en\/bookebook-formatting\/","title":{"rendered":"Book &amp; E-Book Formatting"},"content":{"rendered":"<div data-elementor-type=\"wp-page\" data-elementor-id=\"112672\" class=\"elementor elementor-112672\" data-elementor-post-type=\"page\">\n\t\t\t\t<div class=\"wd-negative-gap elementor-element elementor-element-0f6cec6 wd-section-stretch e-flex e-con-boxed e-con e-parent\" data-id=\"0f6cec6\" data-element_type=\"container\" data-settings=\"{&quot;background_background&quot;:&quot;classic&quot;}\">\n\t\t\t\t\t<div class=\"e-con-inner\">\n\t\t<div class=\"elementor-element elementor-element-26fe7be e-con-full color-scheme-light e-flex e-con e-child\" data-id=\"26fe7be\" data-element_type=\"container\">\n\t\t\t\t<div class=\"elementor-element elementor-element-774d98b elementor-widget elementor-widget-heading\" data-id=\"774d98b\" data-element_type=\"widget\" data-widget_type=\"heading.default\">\n\t\t\t\t<div class=\"elementor-widget-container\">\n\t\t\t\t\t<h1 class=\"elementor-heading-title elementor-size-default\">Book &amp; E-Book Formatting<\/h1>\t\t\t\t<\/div>\n\t\t\t\t<\/div>\n\t\t\t\t<div class=\"elementor-element elementor-element-887ab89 elementor-widget elementor-widget-heading\" data-id=\"887ab89\" data-element_type=\"widget\" data-widget_type=\"heading.default\">\n\t\t\t\t<div class=\"elementor-widget-container\">\n\t\t\t\t\t<h3 class=\"elementor-heading-title elementor-size-default\">adobe indesign, canva<\/h3>\t\t\t\t<\/div>\n\t\t\t\t<\/div>\n\t\t\t\t<div class=\"elementor-element elementor-element-e486e96 color-scheme-inherit text-left elementor-widget elementor-widget-text-editor\" data-id=\"e486e96\" data-element_type=\"widget\" data-widget_type=\"text-editor.default\">\n\t\t\t\t<div class=\"elementor-widget-container\">\n\t\t\t\t\t\t\t\t\t<p>My work with books and eBooks is quite different from creating websites. While I primarily focus on designing websites and online stores, book layout allows me to express myself artistically. It\u2019s a different kind of work \u2013 less technical but equally fulfilling.<\/p><p>When I design books, I use InDesign \u2013 this tool gives me full control over the project and enables me to create perfect layouts, both for print and electronic formats such as EPUB and MOBI. If the project doesn\u2019t require such advanced features, I turn to Canva to quickly and stylishly prepare an eBook. Though this challenge is very different from web design, it still brings me a lot of satisfaction and provides a break from coding.<\/p>\t\t\t\t\t\t\t\t<\/div>\n\t\t\t\t<\/div>\n\t\t\t\t<\/div>\n\t\t<div class=\"elementor-element elementor-element-ee7d9ef e-con-full elementor-hidden-desktop elementor-hidden-tablet elementor-hidden-mobile e-flex e-con e-child\" data-id=\"ee7d9ef\" data-element_type=\"container\">\n\t\t\t\t<\/div>\n\t\t\t\t\t<\/div>\n\t\t\t\t<\/div>\n\t\t<div class=\"wd-negative-gap elementor-element elementor-element-a19a164 e-flex e-con-boxed e-con e-parent\" data-id=\"a19a164\" data-element_type=\"container\">\n\t\t\t\t\t<div class=\"e-con-inner\">\n\t\t\t\t<div class=\"elementor-element elementor-element-da091ba elementor-widget elementor-widget-heading\" data-id=\"da091ba\" data-element_type=\"widget\" data-widget_type=\"heading.default\">\n\t\t\t\t<div class=\"elementor-widget-container\">\n\t\t\t\t\t<h2 class=\"elementor-heading-title elementor-size-default\">Indesign vs Canva<\/h2>\t\t\t\t<\/div>\n\t\t\t\t<\/div>\n\t\t\t\t\t<\/div>\n\t\t\t\t<\/div>\n\t\t<div class=\"wd-negative-gap elementor-element elementor-element-5ec50f2 e-flex e-con-boxed e-con e-parent\" data-id=\"5ec50f2\" data-element_type=\"container\">\n\t\t\t\t\t<div class=\"e-con-inner\">\n\t\t<div class=\"elementor-element elementor-element-fe02617 e-con-full e-flex e-con e-child\" data-id=\"fe02617\" data-element_type=\"container\">\n\t\t\t\t<div class=\"elementor-element elementor-element-1f15677 elementor-widget elementor-widget-heading\" data-id=\"1f15677\" data-element_type=\"widget\" data-widget_type=\"heading.default\">\n\t\t\t\t<div class=\"elementor-widget-container\">\n\t\t\t\t\t<h3 class=\"elementor-heading-title elementor-size-default\">Ksi\u0105\u017cka, e-book <mark>Indesign<\/mark><\/h3>\t\t\t\t<\/div>\n\t\t\t\t<\/div>\n\t\t\t\t<div class=\"elementor-element elementor-element-a192848 color-scheme-inherit text-left elementor-widget elementor-widget-text-editor\" data-id=\"a192848\" data-element_type=\"widget\" data-widget_type=\"text-editor.default\">\n\t\t\t\t<div class=\"elementor-widget-container\">\n\t\t\t\t\t\t\t\t\t<div class=\"flex max-w-full flex-col flex-grow\"><div class=\"min-h-8 text-message relative flex w-full flex-col items-end gap-2 whitespace-normal break-words text-start [.text-message+&amp;]:mt-5\" dir=\"auto\" data-message-author-role=\"assistant\" data-message-id=\"a57fc40a-b40f-4c8a-b0c3-ac485ae73625\" data-message-model-slug=\"gpt-4o\"><div class=\"flex w-full flex-col gap-1 empty:hidden first:pt-[3px]\"><div class=\"markdown prose w-full break-words dark:prose-invert dark\"><div class=\"flex max-w-full flex-col flex-grow\"><div class=\"min-h-8 text-message relative flex w-full flex-col items-end gap-2 whitespace-normal break-words text-start [.text-message+&amp;]:mt-5\" dir=\"auto\" data-message-author-role=\"assistant\" data-message-id=\"91308aef-dce5-491c-a0e0-d274b1875a86\" data-message-model-slug=\"gpt-4o-mini\"><div class=\"flex w-full flex-col gap-1 empty:hidden first:pt-[3px]\"><div class=\"markdown prose w-full break-words dark:prose-invert dark\"><p data-start=\"0\" data-end=\"386\" data-is-last-node=\"\" data-is-only-node=\"\">A good book isn\u2019t just about its content, but also the right layout. I specialize in typesetting and text formatting, preparing books for print and digital formats (EPUB, MOBI). I ensure the files meet the printing requirements and pay close attention to the clarity of the book's interior. If you're looking to self-publish or sell your book on Amazon KDP, I\u2019ll guide you through the whole process, paying attention to every detail.<\/p><\/div><\/div><\/div><\/div><\/div><\/div><\/div><\/div>\t\t\t\t\t\t\t\t<\/div>\n\t\t\t\t<\/div>\n\t\t\t\t<\/div>\n\t\t<div class=\"elementor-element elementor-element-a42d223 e-con-full e-flex e-con e-child\" data-id=\"a42d223\" data-element_type=\"container\">\n\t\t\t\t<div class=\"elementor-element elementor-element-07b33c0 elementor-widget elementor-widget-heading\" data-id=\"07b33c0\" data-element_type=\"widget\" data-widget_type=\"heading.default\">\n\t\t\t\t<div class=\"elementor-widget-container\">\n\t\t\t\t\t<h3 class=\"elementor-heading-title elementor-size-default\">E-book in <mark>Canva<\/mark><\/h3>\t\t\t\t<\/div>\n\t\t\t\t<\/div>\n\t\t\t\t<div class=\"elementor-element elementor-element-1f94d17 color-scheme-inherit text-left elementor-widget elementor-widget-text-editor\" data-id=\"1f94d17\" data-element_type=\"widget\" data-widget_type=\"text-editor.default\">\n\t\t\t\t<div class=\"elementor-widget-container\">\n\t\t\t\t\t\t\t\t\t<div class=\"flex max-w-full flex-col flex-grow\"><div class=\"min-h-8 text-message relative flex w-full flex-col items-end gap-2 whitespace-normal break-words text-start [.text-message+&amp;]:mt-5\" dir=\"auto\" data-message-author-role=\"assistant\" data-message-id=\"aa0d99fa-fb1d-4060-9f7d-90d4c167fae2\" data-message-model-slug=\"gpt-4o\"><div class=\"flex w-full flex-col gap-1 empty:hidden first:pt-[3px]\"><div class=\"markdown prose w-full break-words dark:prose-invert dark\"><p data-pm-slice=\"0 0 []\">Not every book requires a complex layout. If you\u2019re creating an eBook, workbook, guide, or training materials, Canva is a great option. It allows you to create a visually appealing design that not only looks professional but is also easy to update in the future. This is especially helpful if you plan to make regular updates to your content.<\/p><\/div><\/div><\/div><\/div>\t\t\t\t\t\t\t\t<\/div>\n\t\t\t\t<\/div>\n\t\t\t\t<\/div>\n\t\t\t\t\t<\/div>\n\t\t\t\t<\/div>\n\t\t<div class=\"wd-negative-gap elementor-element elementor-element-337eb48 color-scheme-light e-flex e-con-boxed e-con e-parent\" data-id=\"337eb48\" data-element_type=\"container\" data-settings=\"{&quot;background_background&quot;:&quot;classic&quot;}\">\n\t\t\t\t\t<div class=\"e-con-inner\">\n\t\t\t\t<div class=\"elementor-element elementor-element-4b5529e text-center color-scheme-inherit elementor-widget elementor-widget-text-editor\" data-id=\"4b5529e\" data-element_type=\"widget\" data-widget_type=\"text-editor.default\">\n\t\t\t\t<div class=\"elementor-widget-container\">\n\t\t\t\t\t\t\t\t\t<p>Whether you\u2019re planning to release a guide, workbook, checklist, exercise book, or a full-fledged book, I\u2019ll help you give it a professional look. Tell me about your project, and together, we\u2019ll refine every detail to make sure your publication is aesthetically pleasing, readable, and suited to its purpose. No matter the format \u2013 print or eBook \u2013 I\u2019ll ensure the final result meets your expectations.<\/p>\t\t\t\t\t\t\t\t<\/div>\n\t\t\t\t<\/div>\n\t\t\t\t<div class=\"elementor-element elementor-element-21fd5eb elementor-widget elementor-widget-wd_button\" data-id=\"21fd5eb\" data-element_type=\"widget\" data-widget_type=\"wd_button.default\">\n\t\t\t\t<div class=\"elementor-widget-container\">\n\t\t\t\t\t\t\t<div class=\"wd-button-wrapper text-center\" >\n\t\t\t<a class=\"btn btn-style-default btn-shape-rectangle btn-size-large btn-color-primary btn-icon-pos-right\"  href=\"https:\/\/patrycjakubacz.pl\/en\/kontakt\/\">\n\t\t\t\t<span class=\"wd-btn-text\" data-elementor-setting-key=\"text\">\n\t\t\t\t\tGET STARTED\t\t\t\t<\/span>\n\n\t\t\t\t\t\t\t<\/a>\n\t\t<\/div>\n\t\t\t\t\t\t<\/div>\n\t\t\t\t<\/div>\n\t\t\t\t\t<\/div>\n\t\t\t\t<\/div>\n\t\t\t\t<\/div>","protected":false},"excerpt":{"rendered":"<p>Sk\u0142ad ksi\u0105\u017cek i e-book\u00f3w adobe indesign, canva Moja praca przy ksi\u0105\u017ckach i e-bookach to co\u015b zupe\u0142nie innego ni\u017c strony internetowe.<\/p>","protected":false},"author":3,"featured_media":113483,"parent":0,"menu_order":0,"comment_status":"closed","ping_status":"closed","template":"","meta":{"footnotes":""},"class_list":["post-112672","page","type-page","status-publish","has-post-thumbnail","hentry"],"yoast_head":"<!-- This site is optimized with the Yoast SEO plugin v26.7 - https:\/\/yoast.com\/wordpress\/plugins\/seo\/ -->\n<title>Sk\u0142ad ksi\u0105\u017cek i e-book\u00f3w - strony wordpress woocommerce<\/title>\n<meta name=\"description\" content=\"Twoja ksi\u0105\u017cka zas\u0142uguje na profesjonalne wydanie. Sk\u0142adam ksi\u0105\u017cki i e-booki w InDesign i Canvie \u2013 przygotuj\u0119 formaty EPUB, MOBI.\" \/>\n<meta name=\"robots\" content=\"index, follow, max-snippet:-1, max-image-preview:large, max-video-preview:-1\" \/>\n<link rel=\"canonical\" href=\"https:\/\/patrycjakubacz.pl\/en\/sklad-ksiazek-i-e-bookow\/\" \/>\n<meta property=\"og:locale\" content=\"en_US\" \/>\n<meta property=\"og:type\" content=\"article\" \/>\n<meta property=\"og:title\" content=\"Sk\u0142ad ksi\u0105\u017cek i e-book\u00f3w - strony wordpress woocommerce\" \/>\n<meta property=\"og:description\" content=\"Twoja ksi\u0105\u017cka zas\u0142uguje na profesjonalne wydanie. Sk\u0142adam ksi\u0105\u017cki i e-booki w InDesign i Canvie \u2013 przygotuj\u0119 formaty EPUB, MOBI.\" \/>\n<meta property=\"og:url\" content=\"https:\/\/patrycjakubacz.pl\/en\/sklad-ksiazek-i-e-bookow\/\" \/>\n<meta property=\"og:site_name\" content=\"strony wordpress woocommerce\" \/>\n<meta property=\"article:modified_time\" content=\"2025-03-04T23:13:16+00:00\" \/>\n<meta property=\"og:image\" content=\"https:\/\/patrycjakubacz.pl\/wp-content\/uploads\/2025\/03\/Profesjonalna-strona-na-WordPress.jpg\" \/>\n\t<meta property=\"og:image:width\" content=\"1200\" \/>\n\t<meta property=\"og:image:height\" content=\"628\" \/>\n\t<meta property=\"og:image:type\" content=\"image\/jpeg\" \/>\n<meta name=\"twitter:card\" content=\"summary_large_image\" \/>\n<meta name=\"twitter:label1\" content=\"Est. reading time\" \/>\n\t<meta name=\"twitter:data1\" content=\"2 minutes\" \/>\n<script type=\"application\/ld+json\" class=\"yoast-schema-graph\">{\"@context\":\"https:\/\/schema.org\",\"@graph\":[{\"@type\":\"WebPage\",\"@id\":\"https:\/\/patrycjakubacz.pl\/sklad-ksiazek-i-e-bookow\/\",\"url\":\"https:\/\/patrycjakubacz.pl\/sklad-ksiazek-i-e-bookow\/\",\"name\":\"Sk\u0142ad ksi\u0105\u017cek i e-book\u00f3w - strony wordpress woocommerce\",\"isPartOf\":{\"@id\":\"https:\/\/patrycjakubacz.pl\/#website\"},\"primaryImageOfPage\":{\"@id\":\"https:\/\/patrycjakubacz.pl\/sklad-ksiazek-i-e-bookow\/#primaryimage\"},\"image\":{\"@id\":\"https:\/\/patrycjakubacz.pl\/sklad-ksiazek-i-e-bookow\/#primaryimage\"},\"thumbnailUrl\":\"https:\/\/patrycjakubacz.pl\/wp-content\/uploads\/2025\/03\/Profesjonalna-strona-na-WordPress.jpg\",\"datePublished\":\"2025-02-28T16:45:10+00:00\",\"dateModified\":\"2025-03-04T23:13:16+00:00\",\"description\":\"Twoja ksi\u0105\u017cka zas\u0142uguje na profesjonalne wydanie. Sk\u0142adam ksi\u0105\u017cki i e-booki w InDesign i Canvie \u2013 przygotuj\u0119 formaty EPUB, MOBI.\",\"breadcrumb\":{\"@id\":\"https:\/\/patrycjakubacz.pl\/sklad-ksiazek-i-e-bookow\/#breadcrumb\"},\"inLanguage\":\"en-US\",\"potentialAction\":[{\"@type\":\"ReadAction\",\"target\":[\"https:\/\/patrycjakubacz.pl\/sklad-ksiazek-i-e-bookow\/\"]}]},{\"@type\":\"ImageObject\",\"inLanguage\":\"en-US\",\"@id\":\"https:\/\/patrycjakubacz.pl\/sklad-ksiazek-i-e-bookow\/#primaryimage\",\"url\":\"https:\/\/patrycjakubacz.pl\/wp-content\/uploads\/2025\/03\/Profesjonalna-strona-na-WordPress.jpg\",\"contentUrl\":\"https:\/\/patrycjakubacz.pl\/wp-content\/uploads\/2025\/03\/Profesjonalna-strona-na-WordPress.jpg\",\"width\":1200,\"height\":628},{\"@type\":\"BreadcrumbList\",\"@id\":\"https:\/\/patrycjakubacz.pl\/sklad-ksiazek-i-e-bookow\/#breadcrumb\",\"itemListElement\":[{\"@type\":\"ListItem\",\"position\":1,\"name\":\"Strona g\u0142\u00f3wna\",\"item\":\"https:\/\/patrycjakubacz.pl\/\"},{\"@type\":\"ListItem\",\"position\":2,\"name\":\"Sk\u0142ad ksi\u0105\u017cek i e-book\u00f3w\"}]},{\"@type\":\"WebSite\",\"@id\":\"https:\/\/patrycjakubacz.pl\/#website\",\"url\":\"https:\/\/patrycjakubacz.pl\/\",\"name\":\"strony wordpress woocommerce\",\"description\":\"one page, strony firmowe, landing pages\",\"alternateName\":\"strony wordpress woocommerce\",\"potentialAction\":[{\"@type\":\"SearchAction\",\"target\":{\"@type\":\"EntryPoint\",\"urlTemplate\":\"https:\/\/patrycjakubacz.pl\/?s={search_term_string}\"},\"query-input\":{\"@type\":\"PropertyValueSpecification\",\"valueRequired\":true,\"valueName\":\"search_term_string\"}}],\"inLanguage\":\"en-US\"}]}<\/script>\n<!-- \/ Yoast SEO plugin. -->","yoast_head_json":{"title":"Sk\u0142ad ksi\u0105\u017cek i e-book\u00f3w - strony wordpress woocommerce","description":"Twoja ksi\u0105\u017cka zas\u0142uguje na profesjonalne wydanie. Sk\u0142adam ksi\u0105\u017cki i e-booki w InDesign i Canvie \u2013 przygotuj\u0119 formaty EPUB, MOBI.","robots":{"index":"index","follow":"follow","max-snippet":"max-snippet:-1","max-image-preview":"max-image-preview:large","max-video-preview":"max-video-preview:-1"},"canonical":"https:\/\/patrycjakubacz.pl\/en\/sklad-ksiazek-i-e-bookow\/","og_locale":"en_US","og_type":"article","og_title":"Sk\u0142ad ksi\u0105\u017cek i e-book\u00f3w - strony wordpress woocommerce","og_description":"Twoja ksi\u0105\u017cka zas\u0142uguje na profesjonalne wydanie. Sk\u0142adam ksi\u0105\u017cki i e-booki w InDesign i Canvie \u2013 przygotuj\u0119 formaty EPUB, MOBI.","og_url":"https:\/\/patrycjakubacz.pl\/en\/sklad-ksiazek-i-e-bookow\/","og_site_name":"strony wordpress woocommerce","article_modified_time":"2025-03-04T23:13:16+00:00","og_image":[{"width":1200,"height":628,"url":"https:\/\/patrycjakubacz.pl\/wp-content\/uploads\/2025\/03\/Profesjonalna-strona-na-WordPress.jpg","type":"image\/jpeg"}],"twitter_card":"summary_large_image","twitter_misc":{"Est. reading time":"2 minutes"},"schema":{"@context":"https:\/\/schema.org","@graph":[{"@type":"WebPage","@id":"https:\/\/patrycjakubacz.pl\/sklad-ksiazek-i-e-bookow\/","url":"https:\/\/patrycjakubacz.pl\/sklad-ksiazek-i-e-bookow\/","name":"Sk\u0142ad ksi\u0105\u017cek i e-book\u00f3w - strony wordpress woocommerce","isPartOf":{"@id":"https:\/\/patrycjakubacz.pl\/#website"},"primaryImageOfPage":{"@id":"https:\/\/patrycjakubacz.pl\/sklad-ksiazek-i-e-bookow\/#primaryimage"},"image":{"@id":"https:\/\/patrycjakubacz.pl\/sklad-ksiazek-i-e-bookow\/#primaryimage"},"thumbnailUrl":"https:\/\/patrycjakubacz.pl\/wp-content\/uploads\/2025\/03\/Profesjonalna-strona-na-WordPress.jpg","datePublished":"2025-02-28T16:45:10+00:00","dateModified":"2025-03-04T23:13:16+00:00","description":"Twoja ksi\u0105\u017cka zas\u0142uguje na profesjonalne wydanie. Sk\u0142adam ksi\u0105\u017cki i e-booki w InDesign i Canvie \u2013 przygotuj\u0119 formaty EPUB, MOBI.","breadcrumb":{"@id":"https:\/\/patrycjakubacz.pl\/sklad-ksiazek-i-e-bookow\/#breadcrumb"},"inLanguage":"en-US","potentialAction":[{"@type":"ReadAction","target":["https:\/\/patrycjakubacz.pl\/sklad-ksiazek-i-e-bookow\/"]}]},{"@type":"ImageObject","inLanguage":"en-US","@id":"https:\/\/patrycjakubacz.pl\/sklad-ksiazek-i-e-bookow\/#primaryimage","url":"https:\/\/patrycjakubacz.pl\/wp-content\/uploads\/2025\/03\/Profesjonalna-strona-na-WordPress.jpg","contentUrl":"https:\/\/patrycjakubacz.pl\/wp-content\/uploads\/2025\/03\/Profesjonalna-strona-na-WordPress.jpg","width":1200,"height":628},{"@type":"BreadcrumbList","@id":"https:\/\/patrycjakubacz.pl\/sklad-ksiazek-i-e-bookow\/#breadcrumb","itemListElement":[{"@type":"ListItem","position":1,"name":"Strona g\u0142\u00f3wna","item":"https:\/\/patrycjakubacz.pl\/"},{"@type":"ListItem","position":2,"name":"Sk\u0142ad ksi\u0105\u017cek i e-book\u00f3w"}]},{"@type":"WebSite","@id":"https:\/\/patrycjakubacz.pl\/#website","url":"https:\/\/patrycjakubacz.pl\/","name":"strony wordpress woocommerce","description":"one page, strony firmowe, landing pages","alternateName":"strony wordpress woocommerce","potentialAction":[{"@type":"SearchAction","target":{"@type":"EntryPoint","urlTemplate":"https:\/\/patrycjakubacz.pl\/?s={search_term_string}"},"query-input":{"@type":"PropertyValueSpecification","valueRequired":true,"valueName":"search_term_string"}}],"inLanguage":"en-US"}]}},"_links":{"self":[{"href":"https:\/\/patrycjakubacz.pl\/en\/wp-json\/wp\/v2\/pages\/112672","targetHints":{"allow":["GET"]}}],"collection":[{"href":"https:\/\/patrycjakubacz.pl\/en\/wp-json\/wp\/v2\/pages"}],"about":[{"href":"https:\/\/patrycjakubacz.pl\/en\/wp-json\/wp\/v2\/types\/page"}],"author":[{"embeddable":true,"href":"https:\/\/patrycjakubacz.pl\/en\/wp-json\/wp\/v2\/users\/3"}],"replies":[{"embeddable":true,"href":"https:\/\/patrycjakubacz.pl\/en\/wp-json\/wp\/v2\/comments?post=112672"}],"version-history":[{"count":74,"href":"https:\/\/patrycjakubacz.pl\/en\/wp-json\/wp\/v2\/pages\/112672\/revisions"}],"predecessor-version":[{"id":113562,"href":"https:\/\/patrycjakubacz.pl\/en\/wp-json\/wp\/v2\/pages\/112672\/revisions\/113562"}],"wp:featuredmedia":[{"embeddable":true,"href":"https:\/\/patrycjakubacz.pl\/en\/wp-json\/wp\/v2\/media\/113483"}],"wp:attachment":[{"href":"https:\/\/patrycjakubacz.pl\/en\/wp-json\/wp\/v2\/media?parent=112672"}],"curies":[{"name":"wp","href":"https:\/\/api.w.org\/{rel}","templated":true}]}}